{"id":43,"date":"2025-10-13T16:20:47","date_gmt":"2025-10-13T14:20:47","guid":{"rendered":"https:\/\/qbh-vermietung.com\/?page_id=43"},"modified":"2025-10-18T14:00:51","modified_gmt":"2025-10-18T12:00:51","slug":"sattelauflieger","status":"publish","type":"page","link":"https:\/\/qbh-vermietung.com\/?page_id=43","title":{"rendered":"Sattelauflieger"},"content":{"rendered":"\t\t<div data-elementor-type=\"wp-page\" data-elementor-id=\"43\" class=\"elementor elementor-43\">\n\t\t\t\t<div class=\"elementor-element elementor-element-40f12170 e-flex e-con-boxed e-con e-parent\" data-id=\"40f12170\" data-element_type=\"container\" data-e-type=\"container\">\n\t\t\t\t\t<div class=\"e-con-inner\">\n\t\t\t\t<div class=\"elementor-element elementor-element-45c069f6 elementor-widget elementor-widget-text-editor\" data-id=\"45c069f6\" data-element_type=\"widget\" data-e-type=\"widget\" data-widget_type=\"text-editor.default\">\n\t\t\t\t\t\t\t\t\t<figure>\n<h2 data-start=\"184\" data-end=\"230\"><strong data-start=\"190\" data-end=\"228\">Planenauflieger (Tautliner) mieten<\/strong><\/h2>\n<h3 data-start=\"231\" data-end=\"278\">Flexibel. Belastbar. Vielseitig einsetzbar.<\/h3>\n<p data-start=\"280\" data-end=\"543\">Unsere <strong data-start=\"287\" data-end=\"306\">Planenauflieger<\/strong> sind die perfekte L\u00f6sung f\u00fcr den t\u00e4glichen G\u00fctertransport \u2013 robust, zuverl\u00e4ssig und vielseitig.<br data-start=\"402\" data-end=\"405\" \/>Ob St\u00fcckgut, Palettenware oder Spezialladung \u2013 mit unseren modernen <strong data-start=\"473\" data-end=\"487\">Tautlinern<\/strong> bleiben Sie jederzeit flexibel und effizient unterwegs.<\/p>\n<hr data-start=\"545\" data-end=\"548\" \/>\n<h3 data-start=\"550\" data-end=\"579\"><img decoding=\"async\" class=\"emoji\" role=\"img\" draggable=\"false\" src=\"https:\/\/s.w.org\/images\/core\/emoji\/16.0.1\/svg\/1f4b0.svg\" alt=\"\ud83d\udcb0\" \/> <strong data-start=\"557\" data-end=\"579\">Unsere Mietmodelle<\/strong><\/h3>\n<p data-start=\"581\" data-end=\"624\"><strong data-start=\"581\" data-end=\"599\">Kurzzeitmiete:<\/strong><br data-start=\"599\" data-end=\"602\" \/><img decoding=\"async\" class=\"emoji\" role=\"img\" draggable=\"false\" src=\"https:\/\/s.w.org\/images\/core\/emoji\/16.0.1\/svg\/27a1.svg\" alt=\"\u27a1\ufe0f\" \/> <strong>300 \u20ac pro Woche<\/strong><\/p>\n<p data-start=\"626\" data-end=\"689\"><strong data-start=\"626\" data-end=\"662\">Mittelfristmiete (bis 3 Monate):<\/strong><br data-start=\"662\" data-end=\"665\" \/><img decoding=\"async\" class=\"emoji\" role=\"img\" draggable=\"false\" src=\"https:\/\/s.w.org\/images\/core\/emoji\/16.0.1\/svg\/27a1.svg\" alt=\"\u27a1\ufe0f\" \/> <strong data-start=\"668\" data-end=\"689\">1.000,- \u20ac pro Monat<\/strong><\/p>\n<p data-start=\"691\" data-end=\"750\"><strong data-start=\"691\" data-end=\"723\">Langzeitmiete (ab 3 Monate):<\/strong><br data-start=\"723\" data-end=\"726\" \/><img decoding=\"async\" class=\"emoji\" role=\"img\" draggable=\"false\" src=\"https:\/\/s.w.org\/images\/core\/emoji\/16.0.1\/svg\/27a1.svg\" alt=\"\u27a1\ufe0f\" \/>\u00a0<strong data-start=\"729\" data-end=\"750\">800 \u20ac pro Monat<\/strong><\/p>\n<hr data-start=\"752\" data-end=\"755\" \/>\n<h3 data-start=\"757\" data-end=\"791\"><img decoding=\"async\" class=\"emoji\" role=\"img\" draggable=\"false\" src=\"https:\/\/s.w.org\/images\/core\/emoji\/16.0.1\/svg\/2705.svg\" alt=\"\u2705\" \/> <strong data-start=\"763\" data-end=\"791\">Leistungen &amp; Konditionen<\/strong><\/h3>\n<ul data-start=\"792\" data-end=\"1110\">\n<li data-start=\"792\" data-end=\"837\">\n<p data-start=\"794\" data-end=\"837\">Versicherung und Kfz-Steuer <strong data-start=\"822\" data-end=\"835\">inklusive<\/strong><\/p>\n<\/li>\n<li data-start=\"931\" data-end=\"974\">\n<p data-start=\"933\" data-end=\"974\"><strong data-start=\"933\" data-end=\"960\">Flexible Mietlaufzeiten<\/strong> nach Bedarf<\/p>\n<\/li>\n<li data-start=\"975\" data-end=\"1046\">\n<p data-start=\"977\" data-end=\"1046\"><strong data-start=\"977\" data-end=\"1007\">Miete ohne Bonit\u00e4tspr\u00fcfung<\/strong> m\u00f6glich (bei 2 Monatsmieten Kaution)<\/p>\n<\/li>\n<\/ul>\n<p data-start=\"1112\" data-end=\"1139\"><em data-start=\"1112\" data-end=\"1139\">(Alle Preise zzgl. MwSt.)<\/em><\/p>\n<p data-start=\"1112\" data-end=\"1139\">\u00a0<\/p>\n<\/figure>\n<figure><\/figure>\n<figure class=\"wp-block-image size-full\"><\/figure>\n<p><!-- \/wp:image --><!-- wp:wpforms\/form-selector {\"clientId\":\"dcdd6e0c-ea61-444d-8a93-25ffdc640428\",\"formId\":\"32\",\"theme\":\"default\",\"themeName\":\"Default\",\"copyPasteJsonValue\":\"{\\u0022displayTitle\\u0022:false,\\u0022displayDesc\\u0022:false,\\u0022theme\\u0022:\\u0022default\\u0022,\\u0022themeName\\u0022:\\u0022Default\\u0022,\\u0022fieldSize\\u0022:\\u0022medium\\u0022,\\u0022backgroundImage\\u0022:\\u0022none\\u0022,\\u0022backgroundPosition\\u0022:\\u0022center center\\u0022,\\u0022backgroundRepeat\\u0022:\\u0022no-repeat\\u0022,\\u0022backgroundSizeMode\\u0022:\\u0022cover\\u0022,\\u0022backgroundSize\\u0022:\\u0022cover\\u0022,\\u0022backgroundWidth\\u0022:\\u0022100px\\u0022,\\u0022backgroundHeight\\u0022:\\u0022100px\\u0022,\\u0022backgroundUrl\\u0022:\\u0022url()\\u0022,\\u0022backgroundColor\\u0022:\\u0022rgba( 0, 0, 0, 0 )\\u0022,\\u0022fieldBorderRadius\\u0022:\\u00223px\\u0022,\\u0022fieldBorderStyle\\u0022:\\u0022solid\\u0022,\\u0022fieldBorderSize\\u0022:\\u00221px\\u0022,\\u0022fieldBackgroundColor\\u0022:\\u0022#ffffff\\u0022,\\u0022fieldBorderColor\\u0022:\\u0022rgba( 0, 0, 0, 0.25 )\\u0022,\\u0022fieldTextColor\\u0022:\\u0022rgba( 0, 0, 0, 0.7 )\\u0022,\\u0022fieldMenuColor\\u0022:\\u0022#ffffff\\u0022,\\u0022labelSize\\u0022:\\u0022medium\\u0022,\\u0022labelColor\\u0022:\\u0022rgba( 0, 0, 0, 0.85 )\\u0022,\\u0022labelSublabelColor\\u0022:\\u0022rgba( 0, 0, 0, 0.55 )\\u0022,\\u0022labelErrorColor\\u0022:\\u0022#d63637\\u0022,\\u0022buttonSize\\u0022:\\u0022medium\\u0022,\\u0022buttonBorderStyle\\u0022:\\u0022none\\u0022,\\u0022buttonBorderSize\\u0022:\\u00221px\\u0022,\\u0022buttonBorderRadius\\u0022:\\u00223px\\u0022,\\u0022buttonBackgroundColor\\u0022:\\u0022#066aab\\u0022,\\u0022buttonTextColor\\u0022:\\u0022#ffffff\\u0022,\\u0022buttonBorderColor\\u0022:\\u0022#066aab\\u0022,\\u0022pageBreakColor\\u0022:\\u0022#066aab\\u0022,\\u0022containerPadding\\u0022:\\u00220px\\u0022,\\u0022containerBorderStyle\\u0022:\\u0022none\\u0022,\\u0022containerBorderWidth\\u0022:\\u00221px\\u0022,\\u0022containerBorderColor\\u0022:\\u0022#000000\\u0022,\\u0022containerBorderRadius\\u0022:\\u00223px\\u0022,\\u0022containerShadowSize\\u0022:\\u0022none\\u0022,\\u0022customCss\\u0022:\\u0022\\u0022}\"} \/--><\/p>\t\t\t\t\t\t\t\t<\/div>\n\t\t\t\t\t<\/div>\n\t\t\t\t<\/div>\n\t\t<div class=\"elementor-element elementor-element-467283a e-flex e-con-boxed e-con e-parent\" data-id=\"467283a\" data-element_type=\"container\" data-e-type=\"container\">\n\t\t\t\t\t<div class=\"e-con-inner\">\n\t\t\t\t<div class=\"elementor-element elementor-element-8a81065 elementor-widget-divider--view-line elementor-widget elementor-widget-divider\" data-id=\"8a81065\" data-element_type=\"widget\" data-e-type=\"widget\" data-widget_type=\"divider.default\">\n\t\t\t\t\t\t\t<div class=\"elementor-divider\">\n\t\t\t<span class=\"elementor-divider-separator\">\n\t\t\t\t\t\t<\/span>\n\t\t<\/div>\n\t\t\t\t\t\t<\/div>\n\t\t\t\t\t<\/div>\n\t\t\t\t<\/div>\n\t\t<div class=\"elementor-element elementor-element-6195d0c e-flex e-con-boxed e-con e-parent\" data-id=\"6195d0c\" data-element_type=\"container\" data-e-type=\"container\">\n\t\t\t\t\t<div class=\"e-con-inner\">\n\t\t\t\t<div class=\"elementor-element elementor-element-c43c747 elementor-widget elementor-widget-text-editor\" data-id=\"c43c747\" data-element_type=\"widget\" data-e-type=\"widget\" data-widget_type=\"text-editor.default\">\n\t\t\t\t\t\t\t\t\t<h2 data-start=\"180\" data-end=\"214\"><strong data-start=\"186\" data-end=\"212\">Kofferauflieger mieten<\/strong><\/h2>\n<h3 data-start=\"215\" data-end=\"247\">Sicher. Sauber. Zuverl\u00e4ssig.<\/h3>\n<p data-start=\"249\" data-end=\"535\">Unsere <strong data-start=\"256\" data-end=\"275\">Kofferauflieger<\/strong> bieten optimalen Schutz f\u00fcr empfindliche oder wertvolle G\u00fcter.<br data-start=\"338\" data-end=\"341\" \/>Ideal f\u00fcr Transporte, bei denen es auf <strong data-start=\"380\" data-end=\"431\">Sauberkeit und Sicherheit<\/strong> ankommt.<br data-start=\"440\" data-end=\"443\" \/>Mit unseren modernen Fahrzeugen sind Sie bestens ausgestattet \u2013 ob im Nah- oder Fernverkehr.<\/p>\n<hr data-start=\"537\" data-end=\"540\" \/>\n<h3 data-start=\"542\" data-end=\"571\"><img decoding=\"async\" class=\"emoji\" role=\"img\" draggable=\"false\" src=\"https:\/\/s.w.org\/images\/core\/emoji\/16.0.1\/svg\/1f4b0.svg\" alt=\"\ud83d\udcb0\" \/> <strong data-start=\"549\" data-end=\"571\">Unsere Mietmodelle<\/strong><\/h3>\n<p data-start=\"573\" data-end=\"616\"><strong data-start=\"573\" data-end=\"591\">Kurzzeitmiete:<\/strong><br data-start=\"591\" data-end=\"594\" \/><img decoding=\"async\" class=\"emoji\" role=\"img\" draggable=\"false\" src=\"https:\/\/s.w.org\/images\/core\/emoji\/16.0.1\/svg\/27a1.svg\" alt=\"\u27a1\ufe0f\" \/> <strong data-start=\"597\" data-end=\"616\">400 \u20ac pro Woche<\/strong><\/p>\n<p data-start=\"618\" data-end=\"681\"><strong data-start=\"618\" data-end=\"654\">Mittelfristmiete (bis 3 Monate):<\/strong><br data-start=\"654\" data-end=\"657\" \/><img decoding=\"async\" class=\"emoji\" role=\"img\" draggable=\"false\" src=\"https:\/\/s.w.org\/images\/core\/emoji\/16.0.1\/svg\/27a1.svg\" alt=\"\u27a1\ufe0f\" \/> <strong data-start=\"660\" data-end=\"681\">1.400 \u20ac pro Monat<\/strong><\/p>\n<p data-start=\"683\" data-end=\"742\"><strong data-start=\"683\" data-end=\"715\">Langzeitmiete (ab 3 Monate):<\/strong><br data-start=\"715\" data-end=\"718\" \/><img decoding=\"async\" class=\"emoji\" role=\"img\" draggable=\"false\" src=\"https:\/\/s.w.org\/images\/core\/emoji\/16.0.1\/svg\/27a1.svg\" alt=\"\u27a1\ufe0f\" \/> <strong data-start=\"721\" data-end=\"742\">1.100 \u20ac pro Monat<\/strong><\/p>\n<hr data-start=\"744\" data-end=\"747\" \/>\n<h3 data-start=\"749\" data-end=\"783\"><img decoding=\"async\" class=\"emoji\" role=\"img\" draggable=\"false\" src=\"https:\/\/s.w.org\/images\/core\/emoji\/16.0.1\/svg\/2705.svg\" alt=\"\u2705\" \/> <strong data-start=\"755\" data-end=\"783\">Leistungen &amp; Konditionen<\/strong><\/h3>\n<ul data-start=\"784\" data-end=\"1122\">\n<li data-start=\"784\" data-end=\"829\">\n<p data-start=\"786\" data-end=\"829\">Versicherung und Kfz-Steuer <strong data-start=\"814\" data-end=\"827\">inklusive<\/strong><\/p>\n<\/li>\n<li data-start=\"868\" data-end=\"915\">\n<p data-start=\"870\" data-end=\"915\">Gepflegte, saubere Auflieger in Top-Zustand<\/p>\n<\/li>\n<li data-start=\"916\" data-end=\"974\">\n<p data-start=\"918\" data-end=\"974\"><strong data-start=\"918\" data-end=\"941\">Flexible Laufzeiten<\/strong> \u2013 kurzfristig oder langfristig<\/p>\n<\/li>\n<li data-start=\"975\" data-end=\"1046\">\n<p data-start=\"977\" data-end=\"1046\"><strong data-start=\"977\" data-end=\"1007\">Miete ohne Bonit\u00e4tspr\u00fcfung<\/strong> m\u00f6glich (bei 2 Monatsmieten Kaution)<\/p>\n<\/li>\n<li data-start=\"1047\" data-end=\"1122\">\n<p data-start=\"1049\" data-end=\"1122\">Optional mit <strong data-start=\"1062\" data-end=\"1078\">Ladebordwand<\/strong>, <strong data-start=\"1080\" data-end=\"1100\">Innenbeleuchtung<\/strong> und <strong data-start=\"1105\" data-end=\"1120\">Zurrleisten<\/strong><\/p>\n<\/li>\n<\/ul>\n<p data-start=\"1124\" data-end=\"1151\"><em data-start=\"1124\" data-end=\"1151\">(Alle Preise zzgl. MwSt.)<\/em><\/p>\n<p data-start=\"1124\" data-end=\"1151\"><img fetchpriority=\"high\" decoding=\"async\" class=\"alignnone wp-image-119 size-large\" src=\"https:\/\/qbh-vermietung.com\/wp-content\/uploads\/2025\/10\/IMG-20251017-WA0081-1024x768.jpg\" alt=\"\" width=\"768\" height=\"576\" srcset=\"https:\/\/qbh-vermietung.com\/wp-content\/uploads\/2025\/10\/IMG-20251017-WA0081-1024x768.jpg 1024w, https:\/\/qbh-vermietung.com\/wp-content\/uploads\/2025\/10\/IMG-20251017-WA0081-300x225.jpg 300w, https:\/\/qbh-vermietung.com\/wp-content\/uploads\/2025\/10\/IMG-20251017-WA0081-768x576.jpg 768w, https:\/\/qbh-vermietung.com\/wp-content\/uploads\/2025\/10\/IMG-20251017-WA0081-1536x1152.jpg 1536w, https:\/\/qbh-vermietung.com\/wp-content\/uploads\/2025\/10\/IMG-20251017-WA0081.jpg 1600w\" sizes=\"(max-width: 768px) 100vw, 768px\" \/><\/p>\t\t\t\t\t\t\t\t<\/div>\n\t\t\t\t\t<\/div>\n\t\t\t\t<\/div>\n\t\t<div class=\"elementor-element elementor-element-48b3ab0 e-flex e-con-boxed e-con e-parent\" data-id=\"48b3ab0\" data-element_type=\"container\" data-e-type=\"container\">\n\t\t\t\t\t<div class=\"e-con-inner\">\n\t\t\t\t<div class=\"elementor-element elementor-element-4c31c80 elementor-widget-divider--view-line elementor-widget elementor-widget-divider\" data-id=\"4c31c80\" data-element_type=\"widget\" data-e-type=\"widget\" data-widget_type=\"divider.default\">\n\t\t\t\t\t\t\t<div class=\"elementor-divider\">\n\t\t\t<span class=\"elementor-divider-separator\">\n\t\t\t\t\t\t<\/span>\n\t\t<\/div>\n\t\t\t\t\t\t<\/div>\n\t\t\t\t\t<\/div>\n\t\t\t\t<\/div>\n\t\t<div class=\"elementor-element elementor-element-d846e64 e-flex e-con-boxed e-con e-parent\" data-id=\"d846e64\" data-element_type=\"container\" data-e-type=\"container\">\n\t\t\t\t\t<div class=\"e-con-inner\">\n\t\t\t\t<div class=\"elementor-element elementor-element-b793ac1 elementor-widget elementor-widget-text-editor\" data-id=\"b793ac1\" data-element_type=\"widget\" data-e-type=\"widget\" data-widget_type=\"text-editor.default\">\n\t\t\t\t\t\t\t\t\t<h2 data-start=\"198\" data-end=\"230\"><strong data-start=\"204\" data-end=\"228\">K\u00fchlauflieger mieten<\/strong><\/h2>\n<h3 data-start=\"231\" data-end=\"287\">Frische unter Kontrolle \u2013 zuverl\u00e4ssig und effizient.<\/h3>\n<p data-start=\"289\" data-end=\"628\">Unsere <strong data-start=\"296\" data-end=\"313\">K\u00fchlauflieger<\/strong> sind die ideale L\u00f6sung f\u00fcr den temperaturgef\u00fchrten Transport.<br data-start=\"375\" data-end=\"378\">Ob Lebensmittel, Medikamente oder temperaturempfindliche Waren \u2013 mit unseren modernen <strong data-start=\"464\" data-end=\"479\">K\u00fchlkoffern<\/strong> bleibt Ihre Ladung stets optimal gesch\u00fctzt.<br data-start=\"523\" data-end=\"526\">Wir bieten zuverl\u00e4ssige Technik, h\u00f6chste Effizienz und flexible Mietmodelle \u2013 genau nach Ihrem Bedarf.<\/p>\n<hr data-start=\"630\" data-end=\"633\">\n<h3 data-start=\"635\" data-end=\"664\"><img decoding=\"async\" draggable=\"false\" role=\"img\" class=\"emoji\" alt=\"\ud83d\udcb0\" src=\"https:\/\/s.w.org\/images\/core\/emoji\/16.0.1\/svg\/1f4b0.svg\"> <strong data-start=\"642\" data-end=\"664\">Unsere Mietmodelle<\/strong><\/h3>\n<p data-start=\"666\" data-end=\"709\"><strong data-start=\"666\" data-end=\"684\">Kurzzeitmiete:<\/strong><br data-start=\"684\" data-end=\"687\"><img decoding=\"async\" draggable=\"false\" role=\"img\" class=\"emoji\" alt=\"\u27a1\ufe0f\" src=\"https:\/\/s.w.org\/images\/core\/emoji\/16.0.1\/svg\/27a1.svg\"> <strong data-start=\"690\" data-end=\"709\">500 \u20ac pro Woche<\/strong><\/p>\n<p data-start=\"711\" data-end=\"774\"><strong data-start=\"711\" data-end=\"747\">Mittelfristmiete (bis 3 Monate):<\/strong><br data-start=\"747\" data-end=\"750\"><img decoding=\"async\" draggable=\"false\" role=\"img\" class=\"emoji\" alt=\"\u27a1\ufe0f\" src=\"https:\/\/s.w.org\/images\/core\/emoji\/16.0.1\/svg\/27a1.svg\"> <strong data-start=\"753\" data-end=\"774\">1.500 \u20ac pro Monat<\/strong><\/p>\n<p data-start=\"776\" data-end=\"835\"><strong data-start=\"776\" data-end=\"808\">Langzeitmiete (ab 3 Monate):<\/strong><br data-start=\"808\" data-end=\"811\"><img decoding=\"async\" draggable=\"false\" role=\"img\" class=\"emoji\" alt=\"\u27a1\ufe0f\" src=\"https:\/\/s.w.org\/images\/core\/emoji\/16.0.1\/svg\/27a1.svg\"> <strong data-start=\"814\" data-end=\"835\">1.200 \u20ac pro Monat<\/strong><\/p>\n<hr data-start=\"837\" data-end=\"840\">\n<h3 data-start=\"842\" data-end=\"876\"><img decoding=\"async\" draggable=\"false\" role=\"img\" class=\"emoji\" alt=\"\u2705\" src=\"https:\/\/s.w.org\/images\/core\/emoji\/16.0.1\/svg\/2705.svg\"> <strong data-start=\"848\" data-end=\"876\">Leistungen &amp; Konditionen<\/strong><\/h3>\n<ul data-start=\"877\" data-end=\"1280\">\n<li data-start=\"877\" data-end=\"922\">\n<p data-start=\"879\" data-end=\"922\">Versicherung und Kfz-Steuer <strong data-start=\"907\" data-end=\"920\">inklusive<\/strong><\/p>\n<\/li>\n<li data-start=\"923\" data-end=\"960\">\n<p data-start=\"925\" data-end=\"960\">Treibstoff <strong data-start=\"945\" data-end=\"958\">exklusive<\/strong><\/p>\n<\/li>\n<li data-start=\"961\" data-end=\"1025\">\n<p data-start=\"963\" data-end=\"1025\">Moderne K\u00fchltechnik (z. B. <strong data-start=\"990\" data-end=\"1005\">Thermo King<\/strong> oder <strong data-start=\"1011\" data-end=\"1022\">Carrier<\/strong>)<\/p>\n<\/li>\n<li data-start=\"1026\" data-end=\"1111\">\n<p data-start=\"1028\" data-end=\"1111\">Optional mit <strong data-start=\"1041\" data-end=\"1054\">Trennwand<\/strong>, <strong data-start=\"1056\" data-end=\"1078\">Doppelstock-System<\/strong> und <strong data-start=\"1083\" data-end=\"1109\">Temperaturaufzeichnung<\/strong><\/p>\n<\/li>\n<li data-start=\"1112\" data-end=\"1154\">\n<p data-start=\"1114\" data-end=\"1154\">Fahrzeuge in <strong data-start=\"1127\" data-end=\"1152\">einwandfreiem Zustand<\/strong><\/p>\n<\/li>\n<li data-start=\"1155\" data-end=\"1210\">\n<p data-start=\"1157\" data-end=\"1210\"><strong data-start=\"1157\" data-end=\"1184\">Flexible Mietlaufzeiten<\/strong> \u2013 kurz oder langfristig<\/p>\n<\/li>\n<li data-start=\"1211\" data-end=\"1280\">\n<p data-start=\"1213\" data-end=\"1280\"><strong data-start=\"1213\" data-end=\"1243\">Miete ohne Bonit\u00e4tspr\u00fcfung<\/strong> m\u00f6glich (bei 2 Monatsmieten Kaution)<\/p>\n<\/li>\n<\/ul>\n<p data-start=\"1282\" data-end=\"1309\"><em data-start=\"1282\" data-end=\"1309\">(Alle Preise zzgl. MwSt.)<\/em><\/p>\t\t\t\t\t\t\t\t<\/div>\n\t\t\t\t\t<\/div>\n\t\t\t\t<\/div>\n\t\t\t\t<\/div>\n\t\t","protected":false},"excerpt":{"rendered":"<p>Planenauflieger (Tautliner) mieten Flexibel. Belastbar. Vielseitig einsetzbar. Unsere Planenauflieger sind die perfekte L\u00f6sung f\u00fcr den t\u00e4glichen G\u00fctertransport \u2013 robust, zuverl\u00e4ssig und vielseitig.Ob St\u00fcckgut, Palettenware oder Spezialladung \u2013 mit unseren modernen [&hellip;]<\/p>\n","protected":false},"author":1,"featured_media":0,"parent":0,"menu_order":0,"comment_status":"closed","ping_status":"closed","template":"","meta":{"footnotes":""},"class_list":["post-43","page","type-page","status-publish","hentry"],"_links":{"self":[{"href":"https:\/\/qbh-vermietung.com\/index.php?rest_route=\/wp\/v2\/pages\/43","targetHints":{"allow":["GET"]}}],"collection":[{"href":"https:\/\/qbh-vermietung.com\/index.php?rest_route=\/wp\/v2\/pages"}],"about":[{"href":"https:\/\/qbh-vermietung.com\/index.php?rest_route=\/wp\/v2\/types\/page"}],"author":[{"embeddable":true,"href":"https:\/\/qbh-vermietung.com\/index.php?rest_route=\/wp\/v2\/users\/1"}],"replies":[{"embeddable":true,"href":"https:\/\/qbh-vermietung.com\/index.php?rest_route=%2Fwp%2Fv2%2Fcomments&post=43"}],"version-history":[{"count":14,"href":"https:\/\/qbh-vermietung.com\/index.php?rest_route=\/wp\/v2\/pages\/43\/revisions"}],"predecessor-version":[{"id":122,"href":"https:\/\/qbh-vermietung.com\/index.php?rest_route=\/wp\/v2\/pages\/43\/revisions\/122"}],"wp:attachment":[{"href":"https:\/\/qbh-vermietung.com\/index.php?rest_route=%2Fwp%2Fv2%2Fmedia&parent=43"}],"curies":[{"name":"wp","href":"https:\/\/api.w.org\/{rel}","templated":true}]}}